{"id":1413,"date":"2022-12-01T16:14:59","date_gmt":"2022-12-01T16:14:59","guid":{"rendered":"https:\/\/rasifmadrid.com\/?page_id=1413"},"modified":"2024-11-18T16:04:29","modified_gmt":"2024-11-18T16:04:29","slug":"sobre-rasif","status":"publish","type":"page","link":"https:\/\/rasifmadrid.com\/en\/sobre-rasif\/","title":{"rendered":"ABOUT RASIF"},"content":{"rendered":"<div data-elementor-type=\"wp-page\" data-elementor-id=\"1413\" class=\"elementor elementor-1413\" data-elementor-post-type=\"page\">\n\t\t\t\t<div class=\"elementor-element elementor-element-d47a019 e-con-full e-flex e-con e-parent\" data-id=\"d47a019\" data-element_type=\"container\" data-e-type=\"container\" data-settings=\"{&quot;jet_parallax_layout_list&quot;:[]}\">\n\t\t<div class=\"elementor-element elementor-element-d1a01b1 e-con-full e-flex e-con e-child\" data-id=\"d1a01b1\" data-element_type=\"container\" data-e-type=\"container\" data-settings=\"{&quot;jet_parallax_layout_list&quot;:[]}\">\n\t\t\t\t<div class=\"elementor-element elementor-element-6ad97ba elementor-hidden-desktop elementor-hidden-tablet elementor-widget elementor-widget-heading\" data-id=\"6ad97ba\" data-element_type=\"widget\" data-e-type=\"widget\" data-widget_type=\"heading.default\">\n\t\t\t\t<div class=\"elementor-widget-container\">\n\t\t\t\t\t<h1 class=\"elementor-heading-title elementor-size-default\">ABOUT RASIF<\/h1>\t\t\t\t<\/div>\n\t\t\t\t<\/div>\n\t\t\t\t<div class=\"elementor-element elementor-element-04c5609 elementor-widget elementor-widget-image\" data-id=\"04c5609\" data-element_type=\"widget\" data-e-type=\"widget\" data-widget_type=\"image.default\">\n\t\t\t\t<div class=\"elementor-widget-container\">\n\t\t\t\t\t\t\t\t\t\t\t\t\t\t\t<img fetchpriority=\"high\" decoding=\"async\" width=\"800\" height=\"534\" src=\"https:\/\/rasifmadrid.com\/wp-content\/uploads\/2023\/02\/AboutRasif_v2.jpg\" class=\"attachment-large size-large wp-image-2855\" alt=\"Sobre Rasif\" srcset=\"https:\/\/rasifmadrid.com\/wp-content\/uploads\/2023\/02\/AboutRasif_v2.jpg 1024w, https:\/\/rasifmadrid.com\/wp-content\/uploads\/2023\/02\/AboutRasif_v2-300x200.jpg 300w, https:\/\/rasifmadrid.com\/wp-content\/uploads\/2023\/02\/AboutRasif_v2-768x512.jpg 768w, https:\/\/rasifmadrid.com\/wp-content\/uploads\/2023\/02\/AboutRasif_v2-18x12.jpg 18w\" sizes=\"(max-width: 800px) 100vw, 800px\" \/>\t\t\t\t\t\t\t\t\t\t\t\t\t\t\t<\/div>\n\t\t\t\t<\/div>\n\t\t\t\t<div class=\"elementor-element elementor-element-bb02d56 elementor-widget__width-initial elementor-widget elementor-widget-text-editor\" data-id=\"bb02d56\" data-element_type=\"widget\" data-e-type=\"widget\" data-widget_type=\"text-editor.default\">\n\t\t\t\t<div class=\"elementor-widget-container\">\n\t\t\t\t\t\t\t\t\t<p>Rasif is a restaurant that brings the essence of Lebanese cuisine to Madrid, offering an authentic and diverse menu that reflects the rich culinary traditions of Lebanon. Our establishment is defined by its commitment to quality, authenticity, and a welcoming environment where customers can savor the vibrant flavors of Lebanese gastronomy.<\/p><p>Our business model revolves around delivering high-quality, freshly prepared dishes that cater to both dine-in and takeaway customers, blending traditional recipes with a modern twist. By emphasizing authenticity and variety, we aim to attract both locals and tourists seeking a true taste of Lebanese culture.<\/p><p>Rasif is more than just a restaurant; it is a celebration of connection, community, and the shared joy of authentic, flavorful food that transcends borders.<\/p><p>It&#039;s worth highlighting that on October 19 th , 2023, Rasif was the winner of a Solete by the Repsol Guide.\nGo ahead and try Rasif\u2019s food menu, you\u2019ll be in for a culinary treat!<\/p>\t\t\t\t\t\t\t\t<\/div>\n\t\t\t\t<\/div>\n\t\t\t\t<\/div>\n\t\t\t\t<\/div>\n\t\t<div class=\"elementor-element elementor-element-8cfc20f e-flex e-con-boxed e-con e-parent\" data-id=\"8cfc20f\" data-element_type=\"container\" data-e-type=\"container\" data-settings=\"{&quot;jet_parallax_layout_list&quot;:[]}\">\n\t\t\t\t\t<div class=\"e-con-inner\">\n\t\t<div class=\"elementor-element elementor-element-ce19e1d e-flex e-con-boxed e-con e-child\" data-id=\"ce19e1d\" data-element_type=\"container\" data-e-type=\"container\" data-settings=\"{&quot;jet_parallax_layout_list&quot;:[]}\">\n\t\t\t\t\t<div class=\"e-con-inner\">\n\t\t\t\t<div class=\"elementor-element elementor-element-c9c19c3 elementor-align-center elementor-widget elementor-widget-button\" data-id=\"c9c19c3\" data-element_type=\"widget\" data-e-type=\"widget\" data-widget_type=\"button.default\">\n\t\t\t\t<div class=\"elementor-widget-container\">\n\t\t\t\t\t\t\t\t\t<div class=\"elementor-button-wrapper\">\n\t\t\t\t\t<a class=\"elementor-button elementor-button-link elementor-size-sm\" href=\"https:\/\/rasifmadrid.com\/en\/\">\n\t\t\t\t\t\t<span class=\"elementor-button-content-wrapper\">\n\t\t\t\t\t\t<span class=\"elementor-button-icon\">\n\t\t\t\t<svg aria-hidden=\"true\" class=\"e-font-icon-svg e-fas-angle-left\" viewbox=\"0 0 256 512\" xmlns=\"http:\/\/www.w3.org\/2000\/svg\"><path d=\"M31.7 239l136-136c9.4-9.4 24.6-9.4 33.9 0l22.6 22.6c9.4 9.4 9.4 24.6 0 33.9L127.9 256l96.4 96.4c9.4 9.4 9.4 24.6 0 33.9L201.7 409c-9.4 9.4-24.6 9.4-33.9 0l-136-136c-9.5-9.4-9.5-24.6-.1-34z\"><\/path><\/svg>\t\t\t<\/span>\n\t\t\t\t\t\t\t\t\t<span class=\"elementor-button-text\">BACK<\/span>\n\t\t\t\t\t<\/span>\n\t\t\t\t\t<\/a>\n\t\t\t\t<\/div>\n\t\t\t\t\t\t\t\t<\/div>\n\t\t\t\t<\/div>\n\t\t\t\t\t<\/div>\n\t\t\t\t<\/div>\n\t\t\t\t\t<\/div>\n\t\t\t\t<\/div>\n\t\t\t\t<\/div>","protected":false},"excerpt":{"rendered":"<p>SOBRE RASIF Rasif es un restaurante que trae la esencia de la cocina libanesa a Madrid, ofreciendo un men\u00fa aut\u00e9ntico y diverso que refleja las ricas tradiciones culinarias del L\u00edbano. Nuestro local se define por su compromiso con la calidad, la autenticidad y un ambiente acogedor donde los clientes pueden saborear los sabores \u00fanicos de [&hellip;]<\/p>\n","protected":false},"author":8328,"featured_media":0,"parent":0,"menu_order":0,"comment_status":"closed","ping_status":"closed","template":"elementor_header_footer","meta":{"footnotes":""},"class_list":["post-1413","page","type-page","status-publish","hentry"],"yoast_head":"<!-- This site is optimized with the Yoast SEO plugin v27.5 - https:\/\/yoast.com\/product\/yoast-seo-wordpress\/ -->\n<title>Sobre nosotros - Restaurante rasif<\/title>\n<meta name=\"description\" content=\"Rasif o &quot;Acera&quot; es la b\u00fasqueda de los due\u00f1os por una cocina libanesa de calle; una cocina callejera de verdad en el coraz\u00f3n de Madrid.\" \/>\n<meta name=\"robots\" content=\"index, follow, max-snippet:-1, max-image-preview:large, max-video-preview:-1\" \/>\n<link rel=\"canonical\" href=\"https:\/\/rasifmadrid.com\/en\/sobre-rasif\/\" \/>\n<meta property=\"og:locale\" content=\"en_GB\" \/>\n<meta property=\"og:type\" content=\"article\" \/>\n<meta property=\"og:title\" content=\"Sobre nosotros - Restaurante rasif\" \/>\n<meta property=\"og:description\" content=\"Rasif o &quot;Acera&quot; es la b\u00fasqueda de los due\u00f1os por una cocina libanesa de calle; una cocina callejera de verdad en el coraz\u00f3n de Madrid.\" \/>\n<meta property=\"og:url\" content=\"https:\/\/rasifmadrid.com\/en\/sobre-rasif\/\" \/>\n<meta property=\"og:site_name\" content=\"Rasif Madrid\" \/>\n<meta property=\"article:modified_time\" content=\"2024-11-18T16:04:29+00:00\" \/>\n<meta property=\"og:image\" content=\"https:\/\/rasifmadrid.com\/wp-content\/uploads\/2023\/02\/AboutRasif_v2.jpg\" \/>\n\t<meta property=\"og:image:width\" content=\"1024\" \/>\n\t<meta property=\"og:image:height\" content=\"683\" \/>\n\t<meta property=\"og:image:type\" content=\"image\/jpeg\" \/>\n<meta name=\"twitter:card\" content=\"summary_large_image\" \/>\n<meta name=\"twitter:label1\" content=\"Estimated reading time\" \/>\n\t<meta name=\"twitter:data1\" content=\"2 minutes\" \/>\n<script type=\"application\/ld+json\" class=\"yoast-schema-graph\">{\"@context\":\"https:\\\/\\\/schema.org\",\"@graph\":[{\"@type\":\"WebPage\",\"@id\":\"https:\\\/\\\/rasifmadrid.com\\\/sobre-rasif\\\/\",\"url\":\"https:\\\/\\\/rasifmadrid.com\\\/sobre-rasif\\\/\",\"name\":\"Sobre nosotros - Restaurante rasif\",\"isPartOf\":{\"@id\":\"https:\\\/\\\/rasifmadrid.com\\\/#website\"},\"primaryImageOfPage\":{\"@id\":\"https:\\\/\\\/rasifmadrid.com\\\/sobre-rasif\\\/#primaryimage\"},\"image\":{\"@id\":\"https:\\\/\\\/rasifmadrid.com\\\/sobre-rasif\\\/#primaryimage\"},\"thumbnailUrl\":\"https:\\\/\\\/rasifmadrid.com\\\/wp-content\\\/uploads\\\/2023\\\/02\\\/AboutRasif_v2.jpg\",\"datePublished\":\"2022-12-01T16:14:59+00:00\",\"dateModified\":\"2024-11-18T16:04:29+00:00\",\"description\":\"Rasif o \\\"Acera\\\" es la b\u00fasqueda de los due\u00f1os por una cocina libanesa de calle; una cocina callejera de verdad en el coraz\u00f3n de Madrid.\",\"breadcrumb\":{\"@id\":\"https:\\\/\\\/rasifmadrid.com\\\/sobre-rasif\\\/#breadcrumb\"},\"inLanguage\":\"en-GB\",\"potentialAction\":[{\"@type\":\"ReadAction\",\"target\":[\"https:\\\/\\\/rasifmadrid.com\\\/sobre-rasif\\\/\"]}]},{\"@type\":\"ImageObject\",\"inLanguage\":\"en-GB\",\"@id\":\"https:\\\/\\\/rasifmadrid.com\\\/sobre-rasif\\\/#primaryimage\",\"url\":\"https:\\\/\\\/rasifmadrid.com\\\/wp-content\\\/uploads\\\/2023\\\/02\\\/AboutRasif_v2.jpg\",\"contentUrl\":\"https:\\\/\\\/rasifmadrid.com\\\/wp-content\\\/uploads\\\/2023\\\/02\\\/AboutRasif_v2.jpg\"},{\"@type\":\"BreadcrumbList\",\"@id\":\"https:\\\/\\\/rasifmadrid.com\\\/sobre-rasif\\\/#breadcrumb\",\"itemListElement\":[{\"@type\":\"ListItem\",\"position\":1,\"name\":\"Portada\",\"item\":\"https:\\\/\\\/rasifmadrid.com\\\/\"},{\"@type\":\"ListItem\",\"position\":2,\"name\":\"Sobre Rasif\"}]},{\"@type\":\"WebSite\",\"@id\":\"https:\\\/\\\/rasifmadrid.com\\\/#website\",\"url\":\"https:\\\/\\\/rasifmadrid.com\\\/\",\"name\":\"Rasif Madrid\",\"description\":\"Aut\u00e9ntica comida callejera libanesa en el centro de Madrid\",\"potentialAction\":[{\"@type\":\"SearchAction\",\"target\":{\"@type\":\"EntryPoint\",\"urlTemplate\":\"https:\\\/\\\/rasifmadrid.com\\\/?s={search_term_string}\"},\"query-input\":{\"@type\":\"PropertyValueSpecification\",\"valueRequired\":true,\"valueName\":\"search_term_string\"}}],\"inLanguage\":\"en-GB\"}]}<\/script>\n<!-- \/ Yoast SEO plugin. -->","yoast_head_json":{"title":"Sobre nosotros - Restaurante rasif","description":"Rasif o \"Acera\" es la b\u00fasqueda de los due\u00f1os por una cocina libanesa de calle; una cocina callejera de verdad en el coraz\u00f3n de Madrid.","robots":{"index":"index","follow":"follow","max-snippet":"max-snippet:-1","max-image-preview":"max-image-preview:large","max-video-preview":"max-video-preview:-1"},"canonical":"https:\/\/rasifmadrid.com\/en\/sobre-rasif\/","og_locale":"en_GB","og_type":"article","og_title":"Sobre nosotros - Restaurante rasif","og_description":"Rasif o \"Acera\" es la b\u00fasqueda de los due\u00f1os por una cocina libanesa de calle; una cocina callejera de verdad en el coraz\u00f3n de Madrid.","og_url":"https:\/\/rasifmadrid.com\/en\/sobre-rasif\/","og_site_name":"Rasif Madrid","article_modified_time":"2024-11-18T16:04:29+00:00","og_image":[{"width":1024,"height":683,"url":"https:\/\/rasifmadrid.com\/wp-content\/uploads\/2023\/02\/AboutRasif_v2.jpg","type":"image\/jpeg"}],"twitter_card":"summary_large_image","twitter_misc":{"Estimated reading time":"2 minutes"},"schema":{"@context":"https:\/\/schema.org","@graph":[{"@type":"WebPage","@id":"https:\/\/rasifmadrid.com\/sobre-rasif\/","url":"https:\/\/rasifmadrid.com\/sobre-rasif\/","name":"Sobre nosotros - Restaurante rasif","isPartOf":{"@id":"https:\/\/rasifmadrid.com\/#website"},"primaryImageOfPage":{"@id":"https:\/\/rasifmadrid.com\/sobre-rasif\/#primaryimage"},"image":{"@id":"https:\/\/rasifmadrid.com\/sobre-rasif\/#primaryimage"},"thumbnailUrl":"https:\/\/rasifmadrid.com\/wp-content\/uploads\/2023\/02\/AboutRasif_v2.jpg","datePublished":"2022-12-01T16:14:59+00:00","dateModified":"2024-11-18T16:04:29+00:00","description":"Rasif o \"Acera\" es la b\u00fasqueda de los due\u00f1os por una cocina libanesa de calle; una cocina callejera de verdad en el coraz\u00f3n de Madrid.","breadcrumb":{"@id":"https:\/\/rasifmadrid.com\/sobre-rasif\/#breadcrumb"},"inLanguage":"en-GB","potentialAction":[{"@type":"ReadAction","target":["https:\/\/rasifmadrid.com\/sobre-rasif\/"]}]},{"@type":"ImageObject","inLanguage":"en-GB","@id":"https:\/\/rasifmadrid.com\/sobre-rasif\/#primaryimage","url":"https:\/\/rasifmadrid.com\/wp-content\/uploads\/2023\/02\/AboutRasif_v2.jpg","contentUrl":"https:\/\/rasifmadrid.com\/wp-content\/uploads\/2023\/02\/AboutRasif_v2.jpg"},{"@type":"BreadcrumbList","@id":"https:\/\/rasifmadrid.com\/sobre-rasif\/#breadcrumb","itemListElement":[{"@type":"ListItem","position":1,"name":"Portada","item":"https:\/\/rasifmadrid.com\/"},{"@type":"ListItem","position":2,"name":"Sobre Rasif"}]},{"@type":"WebSite","@id":"https:\/\/rasifmadrid.com\/#website","url":"https:\/\/rasifmadrid.com\/","name":"Rasif Madrid","description":"Aut\u00e9ntica comida callejera libanesa en el centro de Madrid","potentialAction":[{"@type":"SearchAction","target":{"@type":"EntryPoint","urlTemplate":"https:\/\/rasifmadrid.com\/?s={search_term_string}"},"query-input":{"@type":"PropertyValueSpecification","valueRequired":true,"valueName":"search_term_string"}}],"inLanguage":"en-GB"}]}},"_links":{"self":[{"href":"https:\/\/rasifmadrid.com\/en\/wp-json\/wp\/v2\/pages\/1413","targetHints":{"allow":["GET"]}}],"collection":[{"href":"https:\/\/rasifmadrid.com\/en\/wp-json\/wp\/v2\/pages"}],"about":[{"href":"https:\/\/rasifmadrid.com\/en\/wp-json\/wp\/v2\/types\/page"}],"author":[{"embeddable":true,"href":"https:\/\/rasifmadrid.com\/en\/wp-json\/wp\/v2\/users\/8328"}],"replies":[{"embeddable":true,"href":"https:\/\/rasifmadrid.com\/en\/wp-json\/wp\/v2\/comments?post=1413"}],"version-history":[{"count":20,"href":"https:\/\/rasifmadrid.com\/en\/wp-json\/wp\/v2\/pages\/1413\/revisions"}],"predecessor-version":[{"id":3268,"href":"https:\/\/rasifmadrid.com\/en\/wp-json\/wp\/v2\/pages\/1413\/revisions\/3268"}],"wp:attachment":[{"href":"https:\/\/rasifmadrid.com\/en\/wp-json\/wp\/v2\/media?parent=1413"}],"curies":[{"name":"wp","href":"https:\/\/api.w.org\/{rel}","templated":true}]}}