{"id":55,"date":"2022-08-18T16:13:06","date_gmt":"2022-08-18T16:13:06","guid":{"rendered":"https:\/\/rasifmadrid.com\/?page_id=55"},"modified":"2025-04-14T11:56:46","modified_gmt":"2025-04-14T11:56:46","slug":"aviso-legal","status":"publish","type":"page","link":"https:\/\/rasifmadrid.com\/en\/aviso-legal\/","title":{"rendered":"Aviso Legal"},"content":{"rendered":"<div data-elementor-type=\"wp-page\" data-elementor-id=\"55\" class=\"elementor elementor-55\" data-elementor-post-type=\"page\">\n\t\t\t\t<div class=\"elementor-element elementor-element-c2d5da4 e-con-full e-flex e-con e-parent\" data-id=\"c2d5da4\" data-element_type=\"container\" data-e-type=\"container\" data-settings=\"{&quot;jet_parallax_layout_list&quot;:[]}\">\n\t\t\t\t<div class=\"elementor-element elementor-element-ee304f8 elementor-widget elementor-widget-heading\" data-id=\"ee304f8\" data-element_type=\"widget\" data-e-type=\"widget\" data-widget_type=\"heading.default\">\n\t\t\t\t<div class=\"elementor-widget-container\">\n\t\t\t\t\t<h1 class=\"elementor-heading-title elementor-size-default\">Aviso legal<\/h1>\t\t\t\t<\/div>\n\t\t\t\t<\/div>\n\t\t\t\t<\/div>\n\t\t<div class=\"elementor-element elementor-element-2aea8d6 e-flex e-con-boxed e-con e-parent\" data-id=\"2aea8d6\" data-element_type=\"container\" data-e-type=\"container\" data-settings=\"{&quot;jet_parallax_layout_list&quot;:[]}\">\n\t\t\t\t\t<div class=\"e-con-inner\">\n\t\t\t\t<div class=\"elementor-element elementor-element-e52e294 elementor-widget elementor-widget-text-editor\" data-id=\"e52e294\" data-element_type=\"widget\" data-e-type=\"widget\" data-widget_type=\"text-editor.default\">\n\t\t\t\t<div class=\"elementor-widget-container\">\n\t\t\t\t\t\t\t\t\t<div data-id=\"73c296ba\" data-element_type=\"widget\" data-widget_type=\"heading.default\"><div><h3><strong>1. Datos de la empresa<\/strong><\/h3><\/div><\/div><div data-id=\"4c310b25\" data-element_type=\"widget\" data-widget_type=\"heading.default\"><div><p>En cumplimiento del art\u00edculo 10 de la Ley 34\/2002, de 11 de julio, de Servicios de la Sociedad de la Informaci\u00f3n y Comercio Electr\u00f3nico, a continuaci\u00f3n se exponen los datos identificativos de la empresa.<\/p><\/div><\/div><div data-id=\"33101ac8\" data-element_type=\"widget\" data-widget_type=\"text-editor.default\"><div><p><strong>Denominaci\u00f3n Social<\/strong>: Lebanese Street Food, S.L<br \/><strong>Nif \/ Cif<\/strong>: B10663342<br \/><strong>Domicilio Social<\/strong>: Calle Humilladero 6,\u00a0Madrid\u00a028005<\/p><\/div><\/div><div data-id=\"773d6e07\" data-element_type=\"widget\" data-widget_type=\"heading.default\"><div><h3><strong>2. Propiedad Intelectual<\/strong><\/h3><\/div><\/div><div data-id=\"7020a196\" data-element_type=\"widget\" data-widget_type=\"heading.default\"><div><p>El c\u00f3digo fuente, los dise\u00f1os gr\u00e1ficos, las im\u00e1genes, las fotograf\u00edas, los sonidos, las animaciones, el software, los textos, as\u00ed como la informaci\u00f3n y los contenidos que se recogen en el presente sitio web est\u00e1n protegidos por la legislaci\u00f3n espa\u00f1ola sobre los derechos de propiedad intelectual e industrial a favor de Lebanese Street Food, S.L.y no se permite la reproducci\u00f3n y\/o publicaci\u00f3n, total o parcial, del sitio web, ni su tratamiento inform\u00e1tico, su distribuci\u00f3n, su difusi\u00f3n, ni su modificaci\u00f3n, transformaci\u00f3n o descompilaci\u00f3n, ni dem\u00e1s derechos reconocidos legalmente a su titular, sin el permiso previo y por escrito del mismo, Lebanese Street Food, S.L El usuario, \u00fanica y exclusivamente, puede utilizar el material que aparezca en este sitio web para su uso personal y privado, quedando prohibido su uso con fines comerciales o para incurrir en actividades il\u00edcitas. Todos los derechos derivados de la propiedad intelectual est\u00e1n expresamente reservados por Lebanese Street Food, S.L.., velar\u00e1 por el cumplimiento de las anteriores condiciones como por la debida utilizaci\u00f3n de los contenidos presentados en sus p\u00e1ginas web, ejercitando todas las acciones civiles y penales que le correspondan en el caso de infracci\u00f3n o incumplimiento de estos derechos por parte del usuario.<\/p><\/div><\/div><div data-id=\"2078e945\" data-element_type=\"widget\" data-widget_type=\"spacer.default\"><div><div><div>\u00a0<\/div><\/div><\/div><\/div><div data-id=\"4482658a\" data-element_type=\"widget\" data-widget_type=\"heading.default\"><div><h3><strong>3. Privacidad y Protecci\u00f3n de datos de car\u00e1cter personal<\/strong><\/h3><\/div><\/div><div data-id=\"7f78612f\" data-element_type=\"widget\" data-widget_type=\"heading.default\"><div><p>Lebanese Street Food, S.L., mantiene una estricta pol\u00edtica de confidencialidad de los datos personales de sus usuarios. La pol\u00edtica de privacidad se extiende a todo lo que hace referencia a la recogida y el uso de la informaci\u00f3n facilitada a trav\u00e9s de internet.<\/p><\/div><\/div><div data-id=\"13ef699b\" data-element_type=\"widget\" data-widget_type=\"heading.default\"><div><p>En materia de protecci\u00f3n de datos Lebanese Street Food, S.L., aplica el Reglamento General de Protecci\u00f3n de datos (Reglamento (UE) 2016\/679 del Parlamento Europeo y del Consejo, de 27 de abril de 2016).<\/p><\/div><\/div><div data-id=\"3b0c9621\" data-element_type=\"widget\" data-widget_type=\"heading.default\"><div><p>Para m\u00e1s informaci\u00f3n al respecto, as\u00ed como para conocer todos los derechos que le asisten respecto de sus datos personales, le recomendamos visite la Pol\u00edtica de Privacidad de este sitio web.\u201d<\/p><\/div><\/div><div data-id=\"6bc52693\" data-element_type=\"widget\" data-widget_type=\"heading.default\"><div><h3><strong>4. Varios<\/strong><\/h3><\/div><\/div><div data-id=\"1cad5858\" data-element_type=\"widget\" data-widget_type=\"text-editor.default\"><div><ol type=\"A\"><li>Lebanese Street Food, S.L. no utiliza cookies que se quedar\u00e1n almacenadas en el ordenador. Las cookies son peque\u00f1os archivos que nuestro ordenador env\u00eda al suyo, pero que no nos proporcionan informaci\u00f3n ni sobre su nombre, ni sobre cualquier dato de car\u00e1cter personal suyo. Cuando el usuario se encuentre navegando por las p\u00e1ginas web de Lebanese Street Food, S.L.., el servidor donde se encuentra alojada reconoce autom\u00e1ticamente la direcci\u00f3n IP de su ordenador, el d\u00eda y la hora en la que comienza la visita, en la que abandona la visita, as\u00ed como informaci\u00f3n sobre las distintas secciones consultadas. Es necesario que el servidor conozca estos datos para poder comunicarse y enviarle la petici\u00f3n realizada y que a trav\u00e9s del navegador se pueda ver en la pantalla.<\/li><li>Lebanese Street Food, S.L podr\u00e1 modificar, sin previo aviso, la informaci\u00f3n contenida en su sitio web, as\u00ed como su configuraci\u00f3n y presentaci\u00f3n.<\/li><li>Lebanese Street Food, S.L., se compromete a trav\u00e9s de este medio a NO REALIZAR PUBLICIDAD ENGA\u00d1OSA. A estos efectos, por lo tanto, no ser\u00e1n considerados como publicidad enga\u00f1osa los errores formales o num\u00e9ricos que puedan encontrarse a lo largo del contenido de las distintas secciones de la web de Lebanese Street Food, S.L.. producidos como consecuencia de un mantenimiento y\/o actualizaci\u00f3n incompleta o defectuosa de la informaci\u00f3n contenida es estas secciones. Lebanese Street Food, S.L.. como consecuencia de lo dispuesto en este apartado, se compromete a corregirlo tan pronto como tenga conocimiento de dichos errores.<\/li><li>Lebanese Street Food, S.L.. se compromete a NO REMITIR COMUNICACIONES COMERCIALES SIN IDENTIFICARLAS COMO TALES, conforme a lo dispuesto en la Ley 34\/2002 de Servicios de la Sociedad de la Informaci\u00f3n y de comercio electr\u00f3nico. A estos efectos no ser\u00e1 considerado como comunicaci\u00f3n comercial toda la informaci\u00f3n que se env\u00ede A LOS CLIENTES de Lebanese Street Food, S.L. siempre que tenga por finalidad el mantenimiento de la relaci\u00f3n contractual existente entre cliente y Lebanese Street Food, S.L.. as\u00ed como el desempe\u00f1o de las tareas de informaci\u00f3n, formaci\u00f3n y otras actividades propias del servicio que el cliente tiene contratado con la empresa.<\/li><li>Lebanese Street Food, S.L. no se hace responsable del incumplimiento de cualquier norma aplicable en que pueda incurrir el usuario en su acceso al sitio web el presente sitio web y\/o en el uso de las informaciones contenidas en el mismo.<\/li><li>Lebanese Street Food, S.L. no ser\u00e1 responsable de los da\u00f1os y perjuicios producidos o que puedan producirse, cualquiera que sea su naturaleza, que se deriven del uso de la informaci\u00f3n, de las materias contenidas en este web site y de los programas que incorpora. Los enlaces (Links) e hipertexto que posibiliten, a trav\u00e9s del sitio web el presente sitio web, acceder al usuario a prestaciones y servicios ofrecidos por terceros, no pertenecen ni se encuentran bajo el control de Lebanese Street Food, S.L.: dicha entidad no se hace responsable ni de la informaci\u00f3n contenida en los mismos ni de cualesquiera efectos que pudieran derivarse de dicha informaci\u00f3n.<\/li><li>Lebanese Street Food, S.L. no se hace responsable del uso ileg\u00edtimo que terceras personas puedan hacer de los nombres de marca, nombres de producto, marcas comerciales que, no siendo propiedad de dicha entidad, aparezcan en el presente sitio web. Tampoco se responsabiliza de la integridad, veracidad y licitud del contenido de los enlaces a las webs a las que pueda accederse desde el presente sitio web.<\/li><li>En definitiva, el Usuario es el \u00fanico responsable del uso que realice de los servicios, contenidos, enlaces (links) e hipertexto incluidos en el sitio web el presente sitio web.<\/li><\/ol><\/div><\/div>\t\t\t\t\t\t\t\t<\/div>\n\t\t\t\t<\/div>\n\t\t\t\t\t<\/div>\n\t\t\t\t<\/div>\n\t\t\t\t<\/div>","protected":false},"excerpt":{"rendered":"<p>Aviso legal 1. Datos de la empresa En cumplimiento del art\u00edculo 10 de la Ley 34\/2002, de 11 de julio, de Servicios de la Sociedad de la Informaci\u00f3n y Comercio Electr\u00f3nico, a continuaci\u00f3n se exponen los datos identificativos de la empresa. Denominaci\u00f3n Social: Lebanese Street Food, S.LNif \/ Cif: B10663342Domicilio Social: Calle Humilladero 6,\u00a0Madrid\u00a028005 2. [&hellip;]<\/p>\n","protected":false},"author":8328,"featured_media":0,"parent":0,"menu_order":0,"comment_status":"closed","ping_status":"closed","template":"elementor_header_footer","meta":{"footnotes":""},"class_list":["post-55","page","type-page","status-publish","hentry"],"yoast_head":"<!-- This site is optimized with the Yoast SEO plugin v27.5 - https:\/\/yoast.com\/product\/yoast-seo-wordpress\/ -->\n<title>Aviso Legal | Rasif Madrid<\/title>\n<meta name=\"robots\" content=\"noindex, nofollow\" \/>\n<meta property=\"og:locale\" content=\"en_GB\" \/>\n<meta property=\"og:type\" content=\"article\" \/>\n<meta property=\"og:title\" content=\"Aviso Legal | Rasif Madrid\" \/>\n<meta property=\"og:description\" content=\"Aviso legal 1. Datos de la empresa En cumplimiento del art\u00edculo 10 de la Ley 34\/2002, de 11 de julio, de Servicios de la Sociedad de la Informaci\u00f3n y Comercio Electr\u00f3nico, a continuaci\u00f3n se exponen los datos identificativos de la empresa. Denominaci\u00f3n Social: Lebanese Street Food, S.LNif \/ Cif: B10663342Domicilio Social: Calle Humilladero 6,\u00a0Madrid\u00a028005 2. [&hellip;]\" \/>\n<meta property=\"og:url\" content=\"https:\/\/rasifmadrid.com\/en\/aviso-legal\/\" \/>\n<meta property=\"og:site_name\" content=\"Rasif Madrid\" \/>\n<meta property=\"article:modified_time\" content=\"2025-04-14T11:56:46+00:00\" \/>\n<meta name=\"twitter:card\" content=\"summary_large_image\" \/>\n<meta name=\"twitter:label1\" content=\"Estimated reading time\" \/>\n\t<meta name=\"twitter:data1\" content=\"5 minutes\" \/>\n<script type=\"application\/ld+json\" class=\"yoast-schema-graph\">{\"@context\":\"https:\\\/\\\/schema.org\",\"@graph\":[{\"@type\":\"WebPage\",\"@id\":\"https:\\\/\\\/rasifmadrid.com\\\/aviso-legal\\\/\",\"url\":\"https:\\\/\\\/rasifmadrid.com\\\/aviso-legal\\\/\",\"name\":\"Aviso Legal | Rasif Madrid\",\"isPartOf\":{\"@id\":\"https:\\\/\\\/rasifmadrid.com\\\/#website\"},\"datePublished\":\"2022-08-18T16:13:06+00:00\",\"dateModified\":\"2025-04-14T11:56:46+00:00\",\"breadcrumb\":{\"@id\":\"https:\\\/\\\/rasifmadrid.com\\\/aviso-legal\\\/#breadcrumb\"},\"inLanguage\":\"en-GB\",\"potentialAction\":[{\"@type\":\"ReadAction\",\"target\":[\"https:\\\/\\\/rasifmadrid.com\\\/aviso-legal\\\/\"]}]},{\"@type\":\"BreadcrumbList\",\"@id\":\"https:\\\/\\\/rasifmadrid.com\\\/aviso-legal\\\/#breadcrumb\",\"itemListElement\":[{\"@type\":\"ListItem\",\"position\":1,\"name\":\"Portada\",\"item\":\"https:\\\/\\\/rasifmadrid.com\\\/\"},{\"@type\":\"ListItem\",\"position\":2,\"name\":\"Aviso Legal\"}]},{\"@type\":\"WebSite\",\"@id\":\"https:\\\/\\\/rasifmadrid.com\\\/#website\",\"url\":\"https:\\\/\\\/rasifmadrid.com\\\/\",\"name\":\"Rasif Madrid\",\"description\":\"Aut\u00e9ntica comida callejera libanesa en el centro de Madrid\",\"potentialAction\":[{\"@type\":\"SearchAction\",\"target\":{\"@type\":\"EntryPoint\",\"urlTemplate\":\"https:\\\/\\\/rasifmadrid.com\\\/?s={search_term_string}\"},\"query-input\":{\"@type\":\"PropertyValueSpecification\",\"valueRequired\":true,\"valueName\":\"search_term_string\"}}],\"inLanguage\":\"en-GB\"}]}<\/script>\n<!-- \/ Yoast SEO plugin. -->","yoast_head_json":{"title":"Aviso Legal | Rasif Madrid","robots":{"index":"noindex","follow":"nofollow"},"og_locale":"en_GB","og_type":"article","og_title":"Aviso Legal | Rasif Madrid","og_description":"Aviso legal 1. Datos de la empresa En cumplimiento del art\u00edculo 10 de la Ley 34\/2002, de 11 de julio, de Servicios de la Sociedad de la Informaci\u00f3n y Comercio Electr\u00f3nico, a continuaci\u00f3n se exponen los datos identificativos de la empresa. Denominaci\u00f3n Social: Lebanese Street Food, S.LNif \/ Cif: B10663342Domicilio Social: Calle Humilladero 6,\u00a0Madrid\u00a028005 2. [&hellip;]","og_url":"https:\/\/rasifmadrid.com\/en\/aviso-legal\/","og_site_name":"Rasif Madrid","article_modified_time":"2025-04-14T11:56:46+00:00","twitter_card":"summary_large_image","twitter_misc":{"Estimated reading time":"5 minutes"},"schema":{"@context":"https:\/\/schema.org","@graph":[{"@type":"WebPage","@id":"https:\/\/rasifmadrid.com\/aviso-legal\/","url":"https:\/\/rasifmadrid.com\/aviso-legal\/","name":"Aviso Legal | Rasif Madrid","isPartOf":{"@id":"https:\/\/rasifmadrid.com\/#website"},"datePublished":"2022-08-18T16:13:06+00:00","dateModified":"2025-04-14T11:56:46+00:00","breadcrumb":{"@id":"https:\/\/rasifmadrid.com\/aviso-legal\/#breadcrumb"},"inLanguage":"en-GB","potentialAction":[{"@type":"ReadAction","target":["https:\/\/rasifmadrid.com\/aviso-legal\/"]}]},{"@type":"BreadcrumbList","@id":"https:\/\/rasifmadrid.com\/aviso-legal\/#breadcrumb","itemListElement":[{"@type":"ListItem","position":1,"name":"Portada","item":"https:\/\/rasifmadrid.com\/"},{"@type":"ListItem","position":2,"name":"Aviso Legal"}]},{"@type":"WebSite","@id":"https:\/\/rasifmadrid.com\/#website","url":"https:\/\/rasifmadrid.com\/","name":"Rasif Madrid","description":"Aut\u00e9ntica comida callejera libanesa en el centro de Madrid","potentialAction":[{"@type":"SearchAction","target":{"@type":"EntryPoint","urlTemplate":"https:\/\/rasifmadrid.com\/?s={search_term_string}"},"query-input":{"@type":"PropertyValueSpecification","valueRequired":true,"valueName":"search_term_string"}}],"inLanguage":"en-GB"}]}},"_links":{"self":[{"href":"https:\/\/rasifmadrid.com\/en\/wp-json\/wp\/v2\/pages\/55","targetHints":{"allow":["GET"]}}],"collection":[{"href":"https:\/\/rasifmadrid.com\/en\/wp-json\/wp\/v2\/pages"}],"about":[{"href":"https:\/\/rasifmadrid.com\/en\/wp-json\/wp\/v2\/types\/page"}],"author":[{"embeddable":true,"href":"https:\/\/rasifmadrid.com\/en\/wp-json\/wp\/v2\/users\/8328"}],"replies":[{"embeddable":true,"href":"https:\/\/rasifmadrid.com\/en\/wp-json\/wp\/v2\/comments?post=55"}],"version-history":[{"count":8,"href":"https:\/\/rasifmadrid.com\/en\/wp-json\/wp\/v2\/pages\/55\/revisions"}],"predecessor-version":[{"id":3412,"href":"https:\/\/rasifmadrid.com\/en\/wp-json\/wp\/v2\/pages\/55\/revisions\/3412"}],"wp:attachment":[{"href":"https:\/\/rasifmadrid.com\/en\/wp-json\/wp\/v2\/media?parent=55"}],"curies":[{"name":"wp","href":"https:\/\/api.w.org\/{rel}","templated":true}]}}